{"id":302,"date":"2016-07-13T11:57:41","date_gmt":"2016-07-13T09:57:41","guid":{"rendered":"http:\/\/www.tzglogow.ddr.pl\/wehikul\/?page_id=302"},"modified":"2016-07-13T12:20:15","modified_gmt":"2016-07-13T10:20:15","slug":"2016-2","status":"publish","type":"page","link":"https:\/\/tzglogow.pl\/wehikul\/przykladowa-strona\/laureaci\/2016-2\/","title":{"rendered":"2016"},"content":{"rendered":"<p><strong>Albin Tomalak<\/strong> za to, \u017ce Pan jako pierwszy w G\u0142ogowie zacz\u0105\u0142 przenosi\u0107\u00a0 mieszka\u0144c\u00f3w w kolorowy \u015bwiat przesz\u0142o\u015bci miasta, kt\u00f3rego nie ma, \u017ce przetransferowa\u0142 Pan do Internetu dorobek autor\u00f3w Encyklopedii Ziemi G\u0142ogowskiej, za czynne uczestnictwo w przedsi\u0119wzi\u0119ciach historycznych, za przechowanie ikonografii starej \u201eFamaby\u201d, za u\u015bmiech i \u017cyczliwo\u015b\u0107 dla Wehiku\u0142u. nr 21 \u2013 nie wr\u0119czony<\/p>\n<p><strong>Marian Kulczycki<\/strong> za przypomnienie i kultywowanie pami\u0119ci o najwi\u0119kszym przez powojenne dziesi\u0119ciolecia g\u0142ogowskim zak\u0142adzie pracy, za prowadzenie profilu\u00a0 Famaby na portalu spo\u0142eczno\u015bciowym, za wykazywany przy tym zapal i entuzjazm . nr 22<\/p>\n<p><strong>R\u00f3\u017ca i Telesfor Lewiczowie <\/strong>za urocz\u0105 bezceremonialno\u015b\u0107 (R\u00f3\u017ca) i sta\u0142\u0105 ch\u0119\u0107 dzielenia si\u0119 nieprzebranymi zasobami wiedzy (Telesfor), sprawno\u015b\u0107 organizacyjn\u0105, ogie\u0144 i wod\u0119 w codziennych relacjach, u\u015bmiech, \u017cyczliwo\u015b\u0107, podpowiedzi i pomoc. Za ho\u0142ubienie Wehiku\u0142u i smakowito\u015b\u0107 r\u00f3\u017cnorodn\u0105 \u2013 duchow\u0105 i dos\u0142own\u0105. nr 23<\/p>\n<p><strong>Marek Szatkowski-<\/strong>potomkowi pierwszych g\u0142ogowskich osadnik\u00f3w, pasjonatowi lokalnej przesz\u0142o\u015bci, za bezinteresown\u0105 pomoc oraz ch\u0119\u0107 ratowania i zatrzymania materialnych obraz\u00f3w przesz\u0142o\u015bci, za \u017cyczliwo\u015b\u0107 wszelak\u0105. nr 24<\/p>\n<p><strong>Basia i Jerzy Popielowie<\/strong> za fotograficzno\u015b\u0107 po\u0142\u0105czon\u0105 z fotogeniczno\u015bci\u0105, codzienn\u0105 rejestracj\u0119 g\u0142ogowskiej rzeczywisto\u015bci, za kadry pomocne Wehiku\u0142owi czasu\u00a0\u00a0 nr 25<\/p>\n<p><strong>Piotr Mielniczuk\u00a0<\/strong>za\u2013jak wida\u0107 mo\u017cliwe &#8211; po\u0142\u0105czenie\u00a0 cywilnych i wojskowych sposob\u00f3w utrwalania i przekazywania wiedzy o przesz\u0142o\u015bci wojska, pomoc w prze\u0142amywaniu barier biurokratycznych w dost\u0119pie do archiw\u00f3w, znaleziska i podpowiedzi, za wytrwa\u0142o\u015b\u0107 w poszukiwaniu korzeni rodzinnych i za \u017cyczliwo\u015b\u0107 dla poczyna\u0144 Wehiku\u0142u. nr 26.<\/p>\n<p><strong>Zbigniew Lipowski<\/strong> za profesjonalizm i artystyczny liryzm, spok\u00f3j i pracowito\u015b\u0107\u00a0 przy realizacji filmowych opowie\u015bci \u2013 od reklamowego jingla po reporta\u017c, impresj\u0119 czy kronikarski film. Za bezinteresown\u0105 pomoc w oprawie ilustracji Wehiku\u0142u, za u\u015bmiech i \u017cyczliwo\u015b\u0107. nr 27.<\/p>\n<p><strong>Edward Januszkiewicz<\/strong> &#8211; Jest Pan wzorcem dla aktywno\u015bci G\u0142ogowianina zwi\u0105zanego z miastem od lat, wi\u0119c ten Bilet jest za lata sp\u0119dzone w \u201eMechaniku\u201d, za do\u015bwiadczenia studenckie przenoszone na g\u0142ogowski grunt w Kole Absolwent\u00f3w AGH, za wykorzystywanie obszar\u00f3w swojej dzia\u0142alno\u015bci zawodowej i spo\u0142ecznej do prezentowania miasta i jego przesz\u0142o\u015bci. I wreszcie za przyja\u017a\u0144 z Wehiku\u0142em w zakresie szczeg\u00f3lnym \u2013 wiedzy tajemnej, wyniesionej z lekcji prowadzonych przez legend\u0119 g\u0142ogowskiej polonistyki p. Zofi\u0119 Indek\u0119. Dzi\u0119kuj\u0119, \u017ce przyj\u0105\u0142\u00a0 Pan niewdzi\u0119czn\u0105 rol\u0119 pierwszego czytelnika. nr 28.<\/p>\n<p><strong>\u00a0<\/strong><\/p>\n<p style=\"text-align: center;\"><strong>IV G\u0142ogowska Nagroda Historyczna<\/strong><\/p>\n<p style=\"text-align: center;\"><strong>\u201eZ\u0142oty Bilet Czytelnik\u00f3w Wehiku\u0142u Czasu 2015\u201d<\/strong><\/p>\n<p><strong>\u00a0<\/strong><\/p>\n<p><strong>Nominowani przez Kapitu\u0142\u0119:<\/strong><\/p>\n<ol>\n<li><strong>Edycje pami\u0119tnik\u00f3w, relacji i wspomnie\u0144 (gmina Kotla, gmina G\u0142og\u00f3w &#8211; Przedmo\u015bcie) <\/strong>&#8211; Jan Baraniecki, Marek Robert G\u00f3rniak z zespo\u0142em<\/li>\n<li><strong>G\u0142ogowskie Forum Historyczne \u2013<\/strong> w dziesi\u0119ciolecie istnienia<\/li>\n<li>Wystawa <strong>G\u0142ogowianie 1945 <\/strong>&#8211; Renata Matysiak i Jerzy Dymytryszyn, MA-H<\/li>\n<li>\u201e<strong>G\u0142ogowskie \u017cyciorysy<\/strong>\u201d obchody 70-lecia ruchu regionalnego, TZG<\/li>\n<li>Renowacja lampy na Starym Mie\u015bcie <strong>&#8211;<\/strong> <strong>Fundacja Stacja G\u0142og\u00f3w.<\/strong><\/li>\n<\/ol>\n<p><img loading=\"lazy\" decoding=\"async\" class=\"size-medium wp-image-306 aligncenter\" src=\"http:\/\/www.tzglogow.ddr.pl\/wehikul\/wp-content\/uploads\/2016\/07\/5-ZB-IV-GNH-2016-209x300.jpg\" alt=\"5 - ZB IV GNH 2016\" width=\"209\" height=\"300\" srcset=\"https:\/\/tzglogow.pl\/wehikul\/wp-content\/uploads\/2016\/07\/5-ZB-IV-GNH-2016-209x300.jpg 209w, https:\/\/tzglogow.pl\/wehikul\/wp-content\/uploads\/2016\/07\/5-ZB-IV-GNH-2016.jpg 639w\" sizes=\"(max-width: 209px) 100vw, 209px\" \/><\/p>\n<p style=\"text-align: center;\"><strong>Nagroda dla<\/strong>:<strong>Jan Baraniecki i Marek Robert G\u00f3rniak z zespo\u0142em<\/strong><\/p>\n<p style=\"text-align: center;\"><strong>za edycje pami\u0119tnik\u00f3w, relacji i wspomnie\u0144 (gmina Kotla, gmina G\u0142og\u00f3w \u2013 Przedmo\u015bcie, 2015).<\/strong><\/p>\n<p style=\"text-align: center;\">Wr\u0119czona: 31.05.2016 w Miejskiej Bibliotece Publicznej<\/p>\n<p style=\"text-align: center;\">\n","protected":false},"excerpt":{"rendered":"<p>Albin Tomalak za to, \u017ce Pan jako pierwszy w G\u0142ogowie zacz\u0105\u0142 przenosi\u0107\u00a0 mieszka\u0144c\u00f3w w kolorowy \u015bwiat przesz\u0142o\u015bci miasta, kt\u00f3rego nie ma, \u017ce przetransferowa\u0142 Pan do Internetu dorobek autor\u00f3w Encyklopedii Ziemi G\u0142ogowskiej, za czynne uczestnictwo w przedsi\u0119wzi\u0119ciach historycznych, za przechowanie ikonografii &hellip; <a href=\"https:\/\/tzglogow.pl\/wehikul\/przykladowa-strona\/laureaci\/2016-2\/\">Czytaj dalej <span class=\"meta-nav\">&rarr;<\/span><\/a><\/p>\n","protected":false},"author":1,"featured_media":0,"parent":38,"menu_order":0,"comment_status":"closed","ping_status":"closed","template":"","meta":{"footnotes":""},"_links":{"self":[{"href":"https:\/\/tzglogow.pl\/wehikul\/wp-json\/wp\/v2\/pages\/302"}],"collection":[{"href":"https:\/\/tzglogow.pl\/wehikul\/wp-json\/wp\/v2\/pages"}],"about":[{"href":"https:\/\/tzglogow.pl\/wehikul\/wp-json\/wp\/v2\/types\/page"}],"author":[{"embeddable":true,"href":"https:\/\/tzglogow.pl\/wehikul\/wp-json\/wp\/v2\/users\/1"}],"replies":[{"embeddable":true,"href":"https:\/\/tzglogow.pl\/wehikul\/wp-json\/wp\/v2\/comments?post=302"}],"version-history":[{"count":13,"href":"https:\/\/tzglogow.pl\/wehikul\/wp-json\/wp\/v2\/pages\/302\/revisions"}],"predecessor-version":[{"id":317,"href":"https:\/\/tzglogow.pl\/wehikul\/wp-json\/wp\/v2\/pages\/302\/revisions\/317"}],"up":[{"embeddable":true,"href":"https:\/\/tzglogow.pl\/wehikul\/wp-json\/wp\/v2\/pages\/38"}],"wp:attachment":[{"href":"https:\/\/tzglogow.pl\/wehikul\/wp-json\/wp\/v2\/media?parent=302"}],"curies":[{"name":"wp","href":"https:\/\/api.w.org\/{rel}","templated":true}]}}