{"id":33,"date":"2016-01-03T00:51:29","date_gmt":"2016-01-02T23:51:29","guid":{"rendered":"http:\/\/www.tzglogow.ddr.pl\/wehikul\/?page_id=33"},"modified":"2021-03-02T18:09:52","modified_gmt":"2021-03-02T17:09:52","slug":"regulamin","status":"publish","type":"page","link":"https:\/\/tzglogow.pl\/wehikul\/przykladowa-strona\/regulamin\/","title":{"rendered":"Regulamin"},"content":{"rendered":"<p>http:\/\/www.glogow.pl\/tzg\/ \u00a0\u00a0\u00a0\u00a0\u00a0\u00a0\u00a0\u00a0\u00a0\u00a0\u00a0\u00a0\u00a0\u00a0\u00a0\u00a0\u00a0\u00a0\u00a0\u00a0\u00a0\u00a0\u00a0\u00a0\u00a0\u00a0\u00a0\u00a0\u00a0\u00a0\u00a0\u00a0\u00a0\u00a0\u00a0\u00a0 \u00a0\u00a0\u00a0\u00a0\u00a0<a href=\"mailto:wehikulczasuglogow@interia.pl\">wehikulczasuglogow@interia.pl<\/a><\/p>\n<p><strong>Regulamin G\u0142ogowskiej Nagrody Historycznej <\/strong><\/p>\n<p><strong>\u201eZ\u0142oty Bilet Czytelnik\u00f3w Wehiku\u0142u Czasu\u201d<\/strong><\/p>\n<p><strong>\u00a0<\/strong><\/p>\n<p><strong>1.<\/strong><\/p>\n<p>G\u0142ogowska Nagroda Historyczna \u2013 \u201eZ\u0142oty Bilet Czytelnik\u00f3w Wehiku\u0142u Czasu\u201d (zwana dalej GNH) jest przyznawana przez internetowy \u201eWehiku\u0142 czasu\u201d (zwany dalej Organizatorem) we wsp\u00f3\u0142pracy z Miejsk\u0105 Bibliotek\u0105 Publiczn\u0105, lokalnymi stowarzyszeniami regionalistycznymi, plac\u00f3wkami kultury i miejscowymi mediami. Lista organizacji i wsp\u00f3\u0142pracownik\u00f3w jest otwarta.<\/p>\n<p>Patronem Honorowym GNH jest Prezydent Miasta G\u0142ogowa.<\/p>\n<p>Zadaniem Nagrody jest popularyzacja przesz\u0142o\u015bci Ziemi G\u0142ogowskiej, honorowanie oraz promocja tw\u00f3rc\u00f3w, organizator\u00f3w i autor\u00f3w wydarze\u0144 i publikacji dotycz\u0105cych historii miasta i regionu.<\/p>\n<p><strong>2.<\/strong><\/p>\n<p>Do GNH \u201eZ\u0142oty Bilet Wehiku\u0142u\u201d kwalifikowane s\u0105 wydarzenia, spektakle, publikacje i inne projekty dotycz\u0105ce upowszechniania wiedzy o przesz\u0142o\u015bci Ziemi G\u0142ogowskiej,<br \/>\na maj\u0105ce miejsce w roku kalenychndarzowym poprzedzaj\u0105cym przyznanie. Nagrod\u0119 mo\u017ce otrzyma\u0107 r\u00f3wnie\u017c osoba fizyczna i prawna zaanga\u017cowana w wy\u017cej okre\u015blone przedsi\u0119wzi\u0119cia.<\/p>\n<p><strong>3.<\/strong><\/p>\n<p>List\u0119 Nominowanych (nie wi\u0119cej jak 5) do GNH przedstawia \u201eWehiku\u0142 czasu\u201d, z w\u0142asnej inicjatywy na podstawie oceny i wniosk\u00f3w cz\u0142onk\u00f3w Kapitu\u0142y. Kapitu\u0142\u0119 tworz\u0105 zaproszeni przez Organizatora reprezentanci \u015brodowisk &#8211; organizatorzy przedsi\u0119wzi\u0119\u0107, samorz\u0105dowcy, regionali\u015bci, moderatorzy for\u00f3w internetowych, dziennikarze, muzealnicy, historycy, nauczyciele, laureaci poprzednich edycji i Czytelnicy. W szczeg\u00f3lnych przypadkach ten etap mo\u017ce zosta\u0107 pomini\u0119ty.<\/p>\n<p><strong>\u00a0<\/strong><\/p>\n<p><strong>4.<\/strong><\/p>\n<p>Nagroda ma charakter honorowy i jest wr\u0119czana w postaci okoliczno\u015bciowego dyplomu w trakcie uroczystego spotkania mi\u0142o\u015bnik\u00f3w historii organizowanego we . wsp\u00f3\u0142pracy z Miejsk\u0105 Bibliotek\u0105 Publiczn\u0105 i Towarzystwem Ziemi G\u0142ogowskiej. W przypadku deklaracji Sponsora lub Patrona dyplom mo\u017ce zosta\u0107 uzupe\u0142niony o element wymierny (np. statuetka, nagroda rzeczowa czy finansowa). Organizator mo\u017ce przyzna\u0107 wyr\u00f3\u017cnienia specjalne G\u0142ogowskiej Nagrody Historycznej. W szczeg\u00f3lnych przypadkach spotkanie mo\u017ce mie\u0107 charakter ograniczony.<\/p>\n<p><strong>5.<\/strong><\/p>\n<p>Organizator dopuszcza zmiany w niniejszym regulaminie tylko przed rozpocz\u0119ciem kolejnej edycji.<\/p>\n<p><strong>G\u0142og\u00f3w 2.01.2021 r.<\/strong><\/p>\n<p><strong>\u00a0<\/strong><\/p>\n","protected":false},"excerpt":{"rendered":"<p>http:\/\/www.glogow.pl\/tzg\/ \u00a0\u00a0\u00a0\u00a0\u00a0\u00a0\u00a0\u00a0\u00a0\u00a0\u00a0\u00a0\u00a0\u00a0\u00a0\u00a0\u00a0\u00a0\u00a0\u00a0\u00a0\u00a0\u00a0\u00a0\u00a0\u00a0\u00a0\u00a0\u00a0\u00a0\u00a0\u00a0\u00a0\u00a0\u00a0\u00a0 \u00a0\u00a0\u00a0\u00a0\u00a0wehikulczasuglogow@interia.pl Regulamin G\u0142ogowskiej Nagrody Historycznej \u201eZ\u0142oty Bilet Czytelnik\u00f3w Wehiku\u0142u Czasu\u201d \u00a0 1. G\u0142ogowska Nagroda Historyczna \u2013 \u201eZ\u0142oty Bilet Czytelnik\u00f3w Wehiku\u0142u Czasu\u201d (zwana dalej GNH) jest przyznawana przez internetowy \u201eWehiku\u0142 czasu\u201d (zwany dalej Organizatorem) we wsp\u00f3\u0142pracy z Miejsk\u0105 Bibliotek\u0105 &hellip; <a href=\"https:\/\/tzglogow.pl\/wehikul\/przykladowa-strona\/regulamin\/\">Czytaj dalej <span class=\"meta-nav\">&rarr;<\/span><\/a><\/p>\n","protected":false},"author":1,"featured_media":0,"parent":2,"menu_order":0,"comment_status":"closed","ping_status":"closed","template":"","meta":{"footnotes":""},"_links":{"self":[{"href":"https:\/\/tzglogow.pl\/wehikul\/wp-json\/wp\/v2\/pages\/33"}],"collection":[{"href":"https:\/\/tzglogow.pl\/wehikul\/wp-json\/wp\/v2\/pages"}],"about":[{"href":"https:\/\/tzglogow.pl\/wehikul\/wp-json\/wp\/v2\/types\/page"}],"author":[{"embeddable":true,"href":"https:\/\/tzglogow.pl\/wehikul\/wp-json\/wp\/v2\/users\/1"}],"replies":[{"embeddable":true,"href":"https:\/\/tzglogow.pl\/wehikul\/wp-json\/wp\/v2\/comments?post=33"}],"version-history":[{"count":8,"href":"https:\/\/tzglogow.pl\/wehikul\/wp-json\/wp\/v2\/pages\/33\/revisions"}],"predecessor-version":[{"id":1445,"href":"https:\/\/tzglogow.pl\/wehikul\/wp-json\/wp\/v2\/pages\/33\/revisions\/1445"}],"up":[{"embeddable":true,"href":"https:\/\/tzglogow.pl\/wehikul\/wp-json\/wp\/v2\/pages\/2"}],"wp:attachment":[{"href":"https:\/\/tzglogow.pl\/wehikul\/wp-json\/wp\/v2\/media?parent=33"}],"curies":[{"name":"wp","href":"https:\/\/api.w.org\/{rel}","templated":true}]}}