{"id":41,"date":"2016-02-15T11:23:43","date_gmt":"2016-02-15T10:23:43","guid":{"rendered":"http:\/\/www.tzglogow.ddr.pl\/wehikul\/?page_id=41"},"modified":"2016-07-13T11:49:59","modified_gmt":"2016-07-13T09:49:59","slug":"2013-2","status":"publish","type":"page","link":"https:\/\/tzglogow.pl\/wehikul\/przykladowa-strona\/laureaci\/2013-2\/","title":{"rendered":"2013"},"content":{"rendered":"<p style=\"text-align: justify;\" align=\"center\"><span class=\"style181\"><b>Z\u0142ote Bilety \u201eWehiku\u0142u czasu\u201d<\/b><\/span><\/p>\n<p style=\"margin: 0cm 0cm 0.0001pt; text-align: justify;\"><span class=\"style181\"><b>Rafael Rokaszewicz <\/b>za organizatorskie i polityczne talenty \u0142\u0105cz\u0105ce si\u0119 z pasjami \u00a0 historyka, eksploratora i regionalisty; w podzi\u0119kowaniu za dzia\u0142ania na rzecz codziennego funkcjonowania Wehiku\u0142u. nr 1<\/span><\/p>\n<p style=\"margin: 0cm 0cm 0.0001pt; text-align: justify;\"><span class=\"style181\"><b>Ewa Bogusz<\/b>, za udost\u0119pnianie wiedzy rodzinnej, odkrywanie tajemnic domu i g\u0142ogowskiego dzieci\u0144stwa\u00a0 nr 2<\/span><\/p>\n<p style=\"margin: 0cm 0cm 0.0001pt; text-align: justify;\"><span class=\"style181\"><b>Ireneusz Dominiak, <\/b>za pasj\u0119 i emocje przekazywane wraz z wiedz\u0105 w trakcie w\u0119drowania \u015bcie\u017ckami nowego i starego G\u0142ogowa, za ciekawostki w mundurze saperskim dla Wehiku\u0142u\u00a0 nr 3<\/span><\/p>\n<p style=\"margin: 0cm 0cm 0.0001pt; text-align: justify;\"><span class=\"style181\"><b>Alicja M\u0119czy\u0144ska, <\/b>za skuteczne pr\u00f3by integracji \u015brodowiska maniak\u00f3w przesz\u0142o\u015bci, bezkompromisowo\u015b\u0107 w walce o normalno\u015b\u0107 ogl\u0105dania historii lokalnej, bezpretensjonalny u\u015bmiech i \u017cyczliwo\u015b\u0107 dla \u015bwiata nr 4<\/span><\/p>\n<p style=\"margin: 0cm 0cm 0.0001pt; text-align: justify;\"><span class=\"style181\"><b>\u0141ukasz Jedynak Yedyny, <\/b>za poszukiwanie materialnych aspekt\u00f3w przesz\u0142o\u015bci G\u0142ogowa i Glogau, niekonwencjonalny j\u0119zyk i pr\u00f3by edytorskie. Za szczeg\u00f3ln\u0105 pomoc w edycji Wehiku\u0142u czasu nr 5<\/span><\/p>\n<p style=\"margin: 0cm 0cm 0.0001pt; text-align: justify;\"><span class=\"style181\"><b>Artur Pacyga \u2013 S\u0142awa, <\/b>za aktywno\u015b\u0107 regionalistyczn\u0105, popularyzowanie przesz\u0142o\u015bci Ziemi G\u0142ogowskiej, przecieranie Wehiku\u0142owych szlak\u00f3w\u00a0 w S\u0142awie nr 6<\/span><\/p>\n<p style=\"margin: 0cm 0cm 0.0001pt; text-align: justify;\"><span class=\"style181\"><b>Antoni Bok<\/b>, Zas\u0142u\u017cony dla G\u0142ogowa bardzo: za g\u0142ogowsko\u015b\u0107 wcielon\u0105, artystyczny zawr\u00f3t g\u0142owy, pomys\u0142owo\u015b\u0107, konceptualno\u015b\u0107, rzetelno\u015b\u0107 w roztargnieniu i dociekliwo\u015b\u0107 w redakcji niezliczonych wydawnictw na ziemi g\u0142ogowskiej; za \u017cyczliwo\u015b\u0107 i podrzutki do Wehiku\u0142u czasu nr 7<\/span><\/p>\n<p style=\"margin: 0cm 0cm 0.0001pt;\"><span class=\"style181\"><b>Marta Ma\u0142kus ze Wschowy, <\/b>za dzia\u0142ania na rzecz naukowego badania historii lokalnego pogranicza \u2013 politycznego, religijnego, narodowo\u015bciowego, za wk\u0142ad we wschowskie akcenty w Wehikule czasu nr 8<\/span><\/p>\n<p style=\"margin: 0cm 0cm 0.0001pt;\"><span class=\"style181\"><b>Jerzy Dymytryszyn<\/b> i <\/span><span class=\"style177\">Karol Seidel,<\/span><span class=\"style181\"> w kategorii dzia\u0142a\u0144 profesjonalist\u00f3w \u2013 za cotygodniowe przybli\u017canie i odkrywanie przesz\u0142o\u015bci G\u0142ogowa na \u0142amach \u201eG\u0142osu G\u0142ogowa\u201d nr 9.<\/span><\/p>\n<p><span class=\"style181\"><b>\u00a0<\/b><\/span><\/p>\n<p align=\"center\"><span class=\"style181\"><b>I. G\u0142ogowska Nagroda Historyczna\u00a0 za rok \u00a02012.<\/b><\/span><br \/>\n<b>Z\u0142oty Bilet Czytelnik\u00f3w \u201eWehiku\u0142u Czasu\u201d<\/b><\/p>\n<p style=\"margin: 0cm 0cm 0.0001pt; text-align: justify;\"><span class=\"style181\"><b>Nominowani przez Kapitu\u0142\u0119:<\/b><\/span><b><\/b><\/p>\n<p style=\"margin: 0cm 0cm 0.0001pt; text-align: justify;\"><span class=\"style161\">1. <b>Wydarzenie<\/b>: Zima w Twierdzy + Lato w Twierdzy.<\/span><br \/>\n<span class=\"style161\">2. <b>Wydarzenie<\/b>: Napoleon w G\u0142ogowie, 8 maja 2012 r.<\/span><br \/>\n<span class=\"style161\">3. <b>Wydarzenie<\/b>: \u201eWystawa \u201eG\u0142og\u00f3w Jagiello\u0144ski\u201d w Muzeum Archeologiczno-Historycznym<\/span><br \/>\n<span class=\"style161\">4. <b>Antoni Bok<\/b>, za now\u0105 koncepcj\u0119 zagospodarowania budynku Teatru Miejskiego<\/span><br \/>\n<span class=\"style161\">5. <b>Ireneusz Dominiak<\/b>, za pasj\u0119 przewodnick\u0105<\/span><br \/>\n<span class=\"style161\">6. <b>Adam Kostromski<\/b>, pochodz\u0105cy z G\u0142ogowa londy\u0144czyk, pasjonat historii, za inspiracj\u0119 programu \u201eB\u0142otni ludzie\u201d w HISTORY CHANNEL emitowanego 27 marca 2012 r.<\/span><\/p>\n<p style=\"margin: 0cm; margin-bottom: .0001pt;\"><img loading=\"lazy\" decoding=\"async\" class=\"size-medium wp-image-282 aligncenter\" src=\"http:\/\/www.tzglogow.ddr.pl\/wehikul\/wp-content\/uploads\/2016\/02\/2-ZB-GNH-2013-213x300.jpg\" alt=\"2 - ZB-GNH 2013\" width=\"213\" height=\"300\" srcset=\"https:\/\/tzglogow.pl\/wehikul\/wp-content\/uploads\/2016\/02\/2-ZB-GNH-2013-213x300.jpg 213w, https:\/\/tzglogow.pl\/wehikul\/wp-content\/uploads\/2016\/02\/2-ZB-GNH-2013.jpg 631w\" sizes=\"(max-width: 213px) 100vw, 213px\" \/><\/p>\n<p style=\"text-align: center;\"><strong>Nagroda dla:\u00a0<\/strong><strong>Zima i Lato w twierdzy 2012<\/strong><\/p>\n<p style=\"text-align: center;\">Wr\u0119czona 25.04.2013 r.\u00a0 Wyr\u00f3\u017cnienie odebrali przedstawiciele organizator\u00f3w \u2013 Stefan G\u00f3rawski z Klubu Batalionowego i Marek Wo\u017aniak ze Stowarzyszenia Mi\u0142o\u015bnik\u00f3w G\u0142ogowskich Fortyfikacji \u201eTwierdza G\u0142og\u00f3w\u201d.<\/p>\n","protected":false},"excerpt":{"rendered":"<p>Z\u0142ote Bilety \u201eWehiku\u0142u czasu\u201d Rafael Rokaszewicz za organizatorskie i polityczne talenty \u0142\u0105cz\u0105ce si\u0119 z pasjami \u00a0 historyka, eksploratora i regionalisty; w podzi\u0119kowaniu za dzia\u0142ania na rzecz codziennego funkcjonowania Wehiku\u0142u. nr 1 Ewa Bogusz, za udost\u0119pnianie wiedzy rodzinnej, odkrywanie tajemnic domu &hellip; <a href=\"https:\/\/tzglogow.pl\/wehikul\/przykladowa-strona\/laureaci\/2013-2\/\">Czytaj dalej <span class=\"meta-nav\">&rarr;<\/span><\/a><\/p>\n","protected":false},"author":1,"featured_media":0,"parent":38,"menu_order":1,"comment_status":"closed","ping_status":"closed","template":"","meta":{"footnotes":""},"_links":{"self":[{"href":"https:\/\/tzglogow.pl\/wehikul\/wp-json\/wp\/v2\/pages\/41"}],"collection":[{"href":"https:\/\/tzglogow.pl\/wehikul\/wp-json\/wp\/v2\/pages"}],"about":[{"href":"https:\/\/tzglogow.pl\/wehikul\/wp-json\/wp\/v2\/types\/page"}],"author":[{"embeddable":true,"href":"https:\/\/tzglogow.pl\/wehikul\/wp-json\/wp\/v2\/users\/1"}],"replies":[{"embeddable":true,"href":"https:\/\/tzglogow.pl\/wehikul\/wp-json\/wp\/v2\/comments?post=41"}],"version-history":[{"count":16,"href":"https:\/\/tzglogow.pl\/wehikul\/wp-json\/wp\/v2\/pages\/41\/revisions"}],"predecessor-version":[{"id":294,"href":"https:\/\/tzglogow.pl\/wehikul\/wp-json\/wp\/v2\/pages\/41\/revisions\/294"}],"up":[{"embeddable":true,"href":"https:\/\/tzglogow.pl\/wehikul\/wp-json\/wp\/v2\/pages\/38"}],"wp:attachment":[{"href":"https:\/\/tzglogow.pl\/wehikul\/wp-json\/wp\/v2\/media?parent=41"}],"curies":[{"name":"wp","href":"https:\/\/api.w.org\/{rel}","templated":true}]}}