{"id":57,"date":"2016-02-15T11:31:35","date_gmt":"2016-02-15T10:31:35","guid":{"rendered":"http:\/\/www.tzglogow.ddr.pl\/wehikul\/?page_id=57"},"modified":"2016-07-13T11:53:17","modified_gmt":"2016-07-13T09:53:17","slug":"2014-2","status":"publish","type":"page","link":"https:\/\/tzglogow.pl\/wehikul\/przykladowa-strona\/laureaci\/2014-2\/","title":{"rendered":"2014"},"content":{"rendered":"<p style=\"text-align: center;\" align=\"center\"><span class=\"style181\"><b>Z\u0142ote Bilety \u201eWehiku\u0142u czasu\u201d<\/b><\/span><\/p>\n<p style=\"margin: 0cm; margin-bottom: .0001pt;\"><span class=\"style181\"><b>Marek Robert G\u00f3rniak z Lublina,<\/b> za cierpliwe, sumienne i drobiazgowe opracowywanie oraz uporczywe inspirowanie pami\u0119tnikarstwa g\u0142ogowskiego; \u017cyczliwo\u015b\u0107 wobec Wehiku\u0142u czasu i jego potrzeb, nr 10<\/span><\/p>\n<p style=\"margin: 0cm; margin-bottom: .0001pt;\"><span class=\"style181\"><b>El\u017cbieta Ma\u0107kowska<\/b> <b>z G\u00f3ry,<\/b> za zapa\u0142 i entuzjazm w gromadzeniu, opracowywaniu i udost\u0119pnianiu dorobku materialnego przedwojennych i powojennych mieszka\u0144c\u00f3w Dolnego \u015al\u0105ska ze szczeg\u00f3lnym uwzgl\u0119dnieniem G\u00f3ry i okolic, za \u017cyczliwo\u015b\u0107 i pomoc Wehiku\u0142owi czasu,<\/span><span class=\"message-date\"> nr 11<\/span><\/p>\n<p style=\"margin: 0cm; margin-bottom: .0001pt;\"><span class=\"style181\"><b>Zbigniew Mazurek, <\/b>pierwszy historyk g\u0142ogowskiego garnizonu, bezinteresownie zaanga\u017cowany w dzia\u0142ania na rzecz upowszechniania przesz\u0142o\u015bci dalekiej i bliskiej, z \u017cyczeniami dalszej wsp\u00f3\u0142pracy z Wehiku\u0142em czasu,\u00a0 nr 12<\/span><\/p>\n<p style=\"margin: 0cm; margin-bottom: .0001pt;\"><span class=\"style181\"><b>Tomasz Mietlicki<\/b>, za systematycznie pracowite od lat prowadzenie portalu\u00a0 <b>Dolny \u015al\u0105sk \u2013 dziedzictwo przesz\u0142o\u015bci utrwalone w zabytkach<\/b>, fotograficzne dokumentowanie stanu zachowania zabytk\u00f3w w tej swoistej kronice dla przysz\u0142o\u015bci, za \u017cyczliwo\u015b\u0107 i pomoc Wehiku\u0142owi czasu.<\/span><span class=\"message-date\"> nr 13<\/span><\/p>\n<p style=\"margin: 0cm; margin-bottom: .0001pt;\"><span class=\"style181\"><b>Jacek Zieli\u0144ski<\/b>, w roku 80 urodzin za skuteczne i symboliczne przewodzenie g\u0142ogowskim stowarzyszeniom dla przesz\u0142o\u015bci, osobiste zaanga\u017cowanie w przedsi\u0119wzi\u0119cia na rzecz upowszechniania wiedzy o historii, za \u017cyczliwo\u015b\u0107 i pomoc Wehiku\u0142owi czasu. <\/span><span class=\"message-date\">nr 14.<\/span><\/p>\n<p>&nbsp;<\/p>\n<p class=\"style182\" style=\"text-align: center; margin: 0cm 0cm 6.0pt 0cm;\" align=\"center\"><span class=\"style181\"><b>II G\u0142ogowska Nagroda Historyczna<\/b><\/span><\/p>\n<p class=\"style182\" style=\"text-align: center; margin: 0cm 0cm 6.0pt 0cm;\" align=\"center\"><span class=\"style181\"><b>\u201eZ\u0142oty Bilet Czytelnik\u00f3w Wehiku\u0142u Czasu 2013\u201d<\/b><\/span><\/p>\n<p style=\"margin: 0cm; margin-bottom: .0001pt;\"><span class=\"style181\"><b>Nominowani przez Kapitu\u0142\u0119:<\/b><\/span><\/p>\n<p style=\"margin: 0cm; margin-bottom: .0001pt;\"><span class=\"style181\">1. <b>Ireneusz Dominiak<\/b> \u2013 za pasj\u0119 i systematyczno\u015b\u0107 w cyklu prelekcji w Klubie Batalionowym, pt. \u201e<i>G\u0142og\u00f3w jakiego nie znamy<\/i>\u201e.<\/span><\/p>\n<p style=\"margin: 0cm; margin-bottom: .0001pt;\"><span class=\"style181\">2.<\/span> <span class=\"style181\"><b>Konferencja Regionalist\u00f3w \u201e<i>Ma\u0142e Ojczyzny na styku region\u00f3w<\/i>\u201d<\/b> (Towarzystwo Ziemi G\u0142ogowskiej).<\/span><\/p>\n<p style=\"margin: 0cm; margin-bottom: .0001pt;\"><span class=\"style181\">3. <b>Alicja M\u0119czy\u0144ska \u2013<\/b> moderator GFH, za inicjatyw\u0119 uporz\u0105dkowania i eksponowania nagrobk\u00f3w z g\u0142ogowskich dawnych cmentarzy zachowanych na Ostrowie Tumskim.<\/span><\/p>\n<p style=\"margin: 0cm; margin-bottom: .0001pt;\"><span class=\"style181\">4. <\/span><span class=\"style161\"><b>Publikacja \u2013 Franz D. Lucas i Margaret Heitmann,<\/b> <i>\u017bydzi g\u0142ogowscy. Dzieje i kultura<\/i>, G\u0142og\u00f3w 2013. (Stowarzyszenie Przyjaci\u00f3\u0142 Muzeum i Historii Miasta G\u0142ogowa)<\/span><\/p>\n<p style=\"margin: 0cm; margin-bottom: .0001pt;\"><span class=\"style181\">5.<\/span><span class=\"style161\"><b> Ods\u0142oni\u0119cie na terenie dawnej Cukrowni G\u0142og\u00f3w<\/b>, tablicy upami\u0119tniaj\u0105cej dzia\u0142alno\u015b\u0107 podziemia antykomunistycznego w G\u0142ogowie w latach 1945-1949. (Fundacja Boles\u0142awa Chrobrego).<\/span><\/p>\n<p style=\"margin: 0cm; margin-bottom: .0001pt;\"><span class=\"style181\">6. <\/span><span class=\"style161\"><b>Udost\u0119pnienie relikt\u00f3w g\u0142ogowskich Sukiennic<\/b> \u2013 najstarszego odkrytego i stosunkowo dobrze zachowanego obiektu \u015bwieckiego w G\u0142ogowie. (Urz\u0105d Miejski)<\/span><\/p>\n<p style=\"margin: 0cm; margin-bottom: .0001pt;\"><img loading=\"lazy\" decoding=\"async\" class=\"size-medium wp-image-295 aligncenter\" src=\"http:\/\/www.tzglogow.ddr.pl\/wehikul\/wp-content\/uploads\/2016\/02\/3-ZB-GNH-2014-212x300.jpg\" alt=\"3 - ZB GNH 2014\" width=\"212\" height=\"300\" srcset=\"https:\/\/tzglogow.pl\/wehikul\/wp-content\/uploads\/2016\/02\/3-ZB-GNH-2014-212x300.jpg 212w, https:\/\/tzglogow.pl\/wehikul\/wp-content\/uploads\/2016\/02\/3-ZB-GNH-2014.jpg 633w\" sizes=\"(max-width: 212px) 100vw, 212px\" \/><\/p>\n<p style=\"margin: 0cm; margin-bottom: .0001pt; text-align: center;\" align=\"center\"><span class=\"style181\"><b>Nagroda dla:\u00a0<\/b><\/span><span class=\"style177\">Ireneusz Dominiak<\/span><\/p>\n<p style=\"margin: 0cm; margin-bottom: .0001pt; text-align: center;\" align=\"center\"><span class=\"style161\">\u2013 za pasj\u0119 i systematyczno\u015b\u0107 w cyklu prelekcji w Klubie Batalionowym, pt. \u201e<i>G\u0142og\u00f3w jakiego nie znamy<\/i>\u201e.<\/span><\/p>\n<p class=\"style1811\" style=\"margin: 0cm 0cm 0.0001pt; text-align: center;\">Wr\u0119czona: 26.09.2014 r.<\/p>\n","protected":false},"excerpt":{"rendered":"<p>Z\u0142ote Bilety \u201eWehiku\u0142u czasu\u201d Marek Robert G\u00f3rniak z Lublina, za cierpliwe, sumienne i drobiazgowe opracowywanie oraz uporczywe inspirowanie pami\u0119tnikarstwa g\u0142ogowskiego; \u017cyczliwo\u015b\u0107 wobec Wehiku\u0142u czasu i jego potrzeb, nr 10 El\u017cbieta Ma\u0107kowska z G\u00f3ry, za zapa\u0142 i entuzjazm w gromadzeniu, opracowywaniu &hellip; <a href=\"https:\/\/tzglogow.pl\/wehikul\/przykladowa-strona\/laureaci\/2014-2\/\">Czytaj dalej <span class=\"meta-nav\">&rarr;<\/span><\/a><\/p>\n","protected":false},"author":1,"featured_media":0,"parent":38,"menu_order":2,"comment_status":"closed","ping_status":"closed","template":"","meta":{"footnotes":""},"_links":{"self":[{"href":"https:\/\/tzglogow.pl\/wehikul\/wp-json\/wp\/v2\/pages\/57"}],"collection":[{"href":"https:\/\/tzglogow.pl\/wehikul\/wp-json\/wp\/v2\/pages"}],"about":[{"href":"https:\/\/tzglogow.pl\/wehikul\/wp-json\/wp\/v2\/types\/page"}],"author":[{"embeddable":true,"href":"https:\/\/tzglogow.pl\/wehikul\/wp-json\/wp\/v2\/users\/1"}],"replies":[{"embeddable":true,"href":"https:\/\/tzglogow.pl\/wehikul\/wp-json\/wp\/v2\/comments?post=57"}],"version-history":[{"count":5,"href":"https:\/\/tzglogow.pl\/wehikul\/wp-json\/wp\/v2\/pages\/57\/revisions"}],"predecessor-version":[{"id":298,"href":"https:\/\/tzglogow.pl\/wehikul\/wp-json\/wp\/v2\/pages\/57\/revisions\/298"}],"up":[{"embeddable":true,"href":"https:\/\/tzglogow.pl\/wehikul\/wp-json\/wp\/v2\/pages\/38"}],"wp:attachment":[{"href":"https:\/\/tzglogow.pl\/wehikul\/wp-json\/wp\/v2\/media?parent=57"}],"curies":[{"name":"wp","href":"https:\/\/api.w.org\/{rel}","templated":true}]}}