{"id":589,"date":"2017-05-09T11:44:04","date_gmt":"2017-05-09T09:44:04","guid":{"rendered":"http:\/\/www.tzglogow.ddr.pl\/wehikul\/?page_id=589"},"modified":"2017-05-09T11:44:04","modified_gmt":"2017-05-09T09:44:04","slug":"2017-2","status":"publish","type":"page","link":"https:\/\/tzglogow.pl\/wehikul\/2017-2\/","title":{"rendered":"2017"},"content":{"rendered":"<h1>2017<\/h1>\n<p><strong>Jan Baraniecki, <\/strong>\u00a0Grochowice maj\u0105 latem Stachuriad\u0119, jesieni\u0105 grzyby a przez ca\u0142y rok Jana Baranieckiego. Dobrze, \u017ce si\u0119 nim dziel\u0105. Jest Pan przymiot\u00f3w zacnych pe\u0142en, umiej\u0119tno\u015bci i zainteresowa\u0144 jak w renesansie.\u00a0 Bo i\u00a0\u201e<em>homo politicus<\/em>\u201d we w\u0142adzach powiatowych i gminie, \u201eagricola\u201d w swoim ogrodzie oraz rozm\u00f3wca uwa\u017cny i s\u0142uchacz przy spisywaniu wspomnie\u0144 osadnik\u00f3w i mieszka\u0144c\u00f3w gminy.<\/p>\n<p>Wreszcie &#8211; znany z anga\u017cowania si\u0119 w \u017cycie lokalnej spo\u0142eczno\u015bci i \u015brodowisk, pomaga Pan r\u00f3wnie\u017c i lokalnym historykom czy regionalistom na ich drogach poszukiwa\u0144 i polach badawczych. Czego Wehiku\u0142 czasu do\u015bwiadcza w szczeg\u00f3lno\u015bci.\u00a0 Nr 29<\/p>\n<p><strong>gen. bryg. Zdzis\u0142aw Barszczewski<\/strong>, Honorowemu Obywatelowi G\u0142ogowa, kt\u00f3ry przez kilka lat dowodz\u0105c g\u0142ogowskim pu\u0142kiem wojsk in\u017cynieryjnych, odbudowywa\u0142 miasto i pomaga\u0142 w jego codziennym, trudnym funkcjonowaniu systematycznie szkol\u0105c \u017co\u0142nierzy w trudnej sztuce budowania most\u00f3w. Cho\u0107 los, \u017co\u0142nierza rzuca\u0142 na inne odcinki i fronty s\u0142u\u017cby to duchem zosta\u0142 w Pan w G\u0142ogowie &#8211; jako przyjaciel miasta i G\u0142ogowian;\u00a0 czytelnik Wehiku\u0142u czasu szczeg\u00f3lny bo te\u017c mi\u0142o\u015bnik i badacz przesz\u0142o\u015bci&#8230; Nr 30<\/p>\n<p><strong>Marta Dytwi\u0144ska &#8211; Gawro\u0144ska<\/strong>, przyznanego za przymiot\u00f3w i cech osobistych oraz poczyna\u0144 wiele, wi\u0119c w tym: za profesjonalizm dziennikarski realizowany obecnie na urz\u0119dniczej \u0142\u0105czce, za ciekawo\u015b\u0107 przesz\u0142o\u015bci bez wzgl\u0119du na jej kolor, za wra\u017cliwe serce dla potrzebuj\u0105cych, \u0142z\u0119 kobiec\u0105, j\u0119dzowato\u015b\u0107 na scenie, g\u0142os anielski (dla Amelki) i tak\u0105 sam\u0105 cierpliwo\u015b\u0107 i \u017cyczliwo\u015b\u0107 wielk\u0105 dla Wehiku\u0142u. Nr 31<\/p>\n<p><strong>Wojciech Janisio, <\/strong>przyznanego pedagogowi, erudycie, filantropowi i bystremu obserwatorowi codziennej rzeczywisto\u015bci, za bezinteresown\u0105 pomoc, umiej\u0119tno\u015b\u0107 sk\u0142adania wierszy i profesjonaln\u0105, szczeg\u00f3ln\u0105 a rzadk\u0105 w pospiesznym \u015bwiecie,\u00a0 przypad\u0142o\u015b\u0107 czytania ze zrozumieniem.\u00a0 Za \u017cyczliwo\u015b\u0107 dla poczyna\u0144 wydawcy i redaktora, dla dzia\u0142a\u0144 Wehiku\u0142u czasu.\u00a0 Nr 32<\/p>\n<p><strong>Marcin Kuchnicki<\/strong>, Za wielk\u0105 pracowito\u015b\u0107 i stra\u017cacki temperament; za ciekawo\u015b\u0107 i serce regionalisty do zaj\u0119cia si\u0119 przesz\u0142o\u015bci\u0105 \u201ema\u0142ej Ojczyzny\u201d; za umiej\u0119tno\u015b\u0107 aktywizowania ludzi, tym samym \u0142\u0105czenia \u015brodowisk, grup i organizacji dla ocalenia znajdowanych pami\u0105tek przesz\u0142o\u015bci.; za benedykty\u0144sk\u0105 prac\u0119 przy wirtualizacji Wehiku\u0142u czasu. Nr 33<\/p>\n<p><strong>Gra\u017cyna My\u015bk\u00f3w, <\/strong>za zaanga\u017cowanie w atrakcyjne i niebanalne sposoby upowszechniania wiedzy o przesz\u0142o\u015bci; pokazywanie m\u0142odym i starym, du\u017cym i ma\u0142ym okolic bli\u017cszych i dalszych; za umiej\u0119tno\u015b\u0107 konsolidowania zespo\u0142\u00f3w wok\u00f3\u0142 nakre\u015blonych cel\u00f3w; za\u00a0 pomoc \u015brodowiska gimnazjalnego Wehiku\u0142owi, urocze jego reprezentowanie i u\u015bmiech.\u00a0 Nr 34<\/p>\n<p><strong>Tadeusz Maciesza<\/strong>, za pracowito\u015b\u0107, \u017cyczliwo\u015b\u0107, wirtualn\u0105 aktywno\u015b\u0107 w dokumentowaniu g\u0142ogowskich dzia\u0142a\u0144 na rzecz upowszechniania dzia\u0142a\u0144 regionalist\u00f3w &#8211; a szczeg\u00f3lnie \u201e<em>Zimy i Lata w twierdzy<\/em>\u201d; za pr\u00f3by bada\u0144 i opis\u00f3w historycznych; za za towarzyszenie Wehiku\u0142owi w wielu przedsi\u0119wzi\u0119ciach i dokumentowanie jego dzia\u0142alno\u015bci.\u00a0 Nr 35<\/p>\n<p><strong>Magdalena i <\/strong><strong>Krzysztof Reszewiczowie\u00a0 <\/strong>Za spowodowanie, \u017ce \u2013 \u201e<em>drukowanie, skanowanie, sk\u0142adanie dokumentacji wielkoformatowych, ulotki, wizyt\u00f3wki, plakaty, zaproszenia, foldery, drukowanie prac dyplomowych<\/em>\u201d to dzia\u0142ania, kt\u00f3re te\u017c s\u0142u\u017c\u0105 popularyzacji i upowszechnianiu wiedzy o lokalnej przesz\u0142o\u015bci; za inwencj\u0119, pomoc i gest w oprawie plastycznej Wehiku\u0142u czasu i jego poczyna\u0144. Nr 36<\/p>\n<p><strong>\u00a0<\/strong><\/p>\n<p><strong>Od roku 2017<\/strong><strong> &#8211; <\/strong><strong>Wej<\/strong><strong>\u015b<\/strong><strong>ci\u00f3wka do Warsu<\/strong> <strong>g\u0142ogowskiego Wehiku\u0142u czasu<\/strong><\/p>\n<p><strong>nr <\/strong><strong>01 &#8211; <\/strong>Ireneusz Dominiak (02.2017)<\/p>\n<p><strong>nr <\/strong><strong>02 \u2013 <\/strong>Antoni Bok (04.2017)<\/p>\n<p><strong>\u00a0<\/strong><\/p>\n<p><strong>V G\u0142ogowska Nagroda Historyczna<\/strong><\/p>\n<p><strong>\u201eZ\u0142oty Bilet Czytelnik\u00f3w Wehiku\u0142u Czasu 2017\u201d<\/strong><\/p>\n<p><strong>\u00a0<\/strong><strong>Nominowani przez Kapitu\u0142\u0119:<\/strong><\/p>\n<ol>\n<li><strong>E-Towers Famaba 1946-2016<\/strong>, red. Antoni Bok, Marian Kulczycki, Jaros\u0142aw Trawi\u0144ski, Wyd. E-Towers, G\u0142og\u00f3w 2016.<\/li>\n<li><strong>Poli i Stasia w\u0119dr\u00f3wki po G\u0142ogowie czyli przewodnik dla dzieci<\/strong>, Dariusz A. Czaja i Aneta Steci\u0105g, Wyd. TZG, G\u0142og\u00f3w 2016.<\/li>\n<li><strong>G\u0142ogowski Ruch Odkrywc\u00f3w Tajemnic<\/strong>, za wielow\u0105tkow\u0105 aktywno\u015b\u0107 w roku 2016.<\/li>\n<li><strong>Pomnik G\u0142ogowskich Saper\u00f3w<\/strong>, Marek Baraniak z zespo\u0142em Spo\u0142eczny Komitet Budowy.<\/li>\n<li><strong>Nocna Bitwa o G\u0142og\u00f3w &#8211; 2 kwietnia 2016<\/strong>\u201d, Wydzia\u0142 Promocji UM.<\/li>\n<\/ol>\n<p><strong>\u00a0<\/strong><\/p>\n<p><img loading=\"lazy\" decoding=\"async\" class=\"alignnone size-medium wp-image-576 aligncenter\" src=\"http:\/\/www.tzglogow.ddr.pl\/wehikul\/wp-content\/uploads\/2017\/05\/IM_DSC3150-200x300.jpg\" alt=\"IM_DSC3150\" width=\"200\" height=\"300\" srcset=\"https:\/\/tzglogow.pl\/wehikul\/wp-content\/uploads\/2017\/05\/IM_DSC3150-200x300.jpg 200w, https:\/\/tzglogow.pl\/wehikul\/wp-content\/uploads\/2017\/05\/IM_DSC3150-768x1151.jpg 768w, https:\/\/tzglogow.pl\/wehikul\/wp-content\/uploads\/2017\/05\/IM_DSC3150-683x1024.jpg 683w\" sizes=\"(max-width: 200px) 100vw, 200px\" \/><\/p>\n<p style=\"text-align: center;\">(fot. Izabela Matuszewska)<\/p>\n<p style=\"text-align: center;\"><strong>Nagroda dla<\/strong><\/p>\n<p style=\"text-align: center;\"><strong>Poli i Stasia w\u0119dr\u00f3wki po G\u0142ogowie czyli przewodnik dla dzieci<\/strong>, Dariusz A. Czaja i Aneta Steci\u0105g, Wyd. TZG, G\u0142og\u00f3w 2016.<\/p>\n<p style=\"text-align: center;\">Wr\u0119czona: 24.05.2017 w Miejskiej Bibliotece Publicznej<\/p>\n","protected":false},"excerpt":{"rendered":"<p>2017 Jan Baraniecki, \u00a0Grochowice maj\u0105 latem Stachuriad\u0119, jesieni\u0105 grzyby a przez ca\u0142y rok Jana Baranieckiego. Dobrze, \u017ce si\u0119 nim dziel\u0105. Jest Pan przymiot\u00f3w zacnych pe\u0142en, umiej\u0119tno\u015bci i zainteresowa\u0144 jak w renesansie.\u00a0 Bo i\u00a0\u201ehomo politicus\u201d we w\u0142adzach powiatowych i gminie, \u201eagricola\u201d &hellip; <a href=\"https:\/\/tzglogow.pl\/wehikul\/2017-2\/\">Czytaj dalej <span class=\"meta-nav\">&rarr;<\/span><\/a><\/p>\n","protected":false},"author":1,"featured_media":0,"parent":0,"menu_order":0,"comment_status":"closed","ping_status":"closed","template":"","meta":{"footnotes":""},"_links":{"self":[{"href":"https:\/\/tzglogow.pl\/wehikul\/wp-json\/wp\/v2\/pages\/589"}],"collection":[{"href":"https:\/\/tzglogow.pl\/wehikul\/wp-json\/wp\/v2\/pages"}],"about":[{"href":"https:\/\/tzglogow.pl\/wehikul\/wp-json\/wp\/v2\/types\/page"}],"author":[{"embeddable":true,"href":"https:\/\/tzglogow.pl\/wehikul\/wp-json\/wp\/v2\/users\/1"}],"replies":[{"embeddable":true,"href":"https:\/\/tzglogow.pl\/wehikul\/wp-json\/wp\/v2\/comments?post=589"}],"version-history":[{"count":1,"href":"https:\/\/tzglogow.pl\/wehikul\/wp-json\/wp\/v2\/pages\/589\/revisions"}],"predecessor-version":[{"id":590,"href":"https:\/\/tzglogow.pl\/wehikul\/wp-json\/wp\/v2\/pages\/589\/revisions\/590"}],"wp:attachment":[{"href":"https:\/\/tzglogow.pl\/wehikul\/wp-json\/wp\/v2\/media?parent=589"}],"curies":[{"name":"wp","href":"https:\/\/api.w.org\/{rel}","templated":true}]}}